{"id":11,"date":"2019-09-10T10:47:44","date_gmt":"2019-09-10T10:47:44","guid":{"rendered":"http:\/\/valgussosistab.barn.ee\/?page_id=11"},"modified":"2021-06-11T15:35:22","modified_gmt":"2021-06-11T12:35:22","slug":"tallinna-vanha-kaupunki","status":"publish","type":"page","link":"https:\/\/vaatavanalinna.ee\/fi\/tallinna-vanha-kaupunki\/","title":{"rendered":"N\u00e4e Tallinna Vanhakaupunki Uudessa Valossa"},"content":{"rendered":"\n<div class=\"wp-block-columns is-layout-flex wp-container-core-columns-is-layout-1 wp-block-columns-is-layout-flex\">\n<div class=\"wp-block-column is-layout-flow wp-block-column-is-layout-flow\">\n<h2 class=\"wp-block-heading\">2019. aastal said Tallinna vanalinna m\u00fc\u00fcr ja tornid moodsa valguslahenduse, mis \u00e4ratab need pimeduse saabudes justkui uuele elule. Nii sosistavad hooned meile lugusid pikast ja p\u00f5nevast ajaloost, tuues valguse ja varjude abil esile oma v\u00e4\u00e4rikad vormid ja p\u00f5nevad detailid.<\/h2>\n\n\n\n<h2 class=\"wp-block-heading\">Valgustuse n\u00fc\u00fcdisajastamise projekti finantseeris kinnisvaraettev\u00f5te Kapitel ning tegemist on \u00fche suurima erakapitali investeeringuga Tallinna linnaruumi. Valguslahenduse projekteeris ja ehitas Merko.<\/h2>\n<\/div>\n\n\n\n<div class=\"wp-block-column is-layout-flow wp-block-column-is-layout-flow\">\n<p>Projekti k\u00e4igus sai uue valgustuse ligi 40 objekti ning paigaldati pea 600 LED-valgustit. Uued sooja valgustemperatuuriga LED-valgustid tagavad senise valguslahendusega v\u00f5rreldes ligi 20kordse energias\u00e4\u00e4stu ning heidavad m\u00fc\u00fcridele sooja ja \u00f5rna valguse, mis loob \u00f5dusa ja m\u00f5nusa milj\u00f6\u00f6.<\/p>\n\n\n\n<p>Valgusprojekti autor on 2017. aastal Tallinna linna korraldatud ideekonkursi v\u00f5itja Soome ettev\u00f5te Lighting Design Collective Oy ning v\u00f5idut\u00f6\u00f6 kontseptsioon on kui austusavaldus vanalinna ajaloo armidele ja fragmentidele, mida m\u00fc\u00fcrid v\u00e4ljendavad. Valgusarhitektid on s\u00e4ttinud paika valgustugevused, nurgad ja nivood, et tuua esile vanalinna algup\u00e4rane olemus. Valgusprojekt annab paljudele vanalinna paikadele autentse ilme, tuues esile nende p\u00f5neva ajaloo ning heites valgust ja varje detailidele, mida minevik on vorminud. T\u00e4helepanu keskmesse on toodud detailid, mis r\u00f5hutavad hoonete isikup\u00e4ra ning t\u00e4nu hoolikalt valitud valgustugevusele loovad linnaruumis hubase meeleolu.<\/p>\n<\/div>\n<\/div>\n","protected":false},"excerpt":{"rendered":"<p>2019. aastal said Tallinna vanalinna m\u00fc\u00fcr ja tornid moodsa valguslahenduse, mis \u00e4ratab need pimeduse saabudes justkui uuele elule. Nii sosistavad hooned meile lugusid pikast ja p\u00f5nevast ajaloost, tuues valguse ja varjude abil esile oma v\u00e4\u00e4rikad vormid ja p\u00f5nevad detailid. Valgustuse n\u00fc\u00fcdisajastamise projekti finantseeris kinnisvaraettev\u00f5te Kapitel ning tegemist on \u00fche suurima erakapitali investeeringuga Tallinna linnaruumi. Valguslahenduse [&hellip;]<\/p>\n","protected":false},"author":1,"featured_media":478,"parent":0,"menu_order":0,"comment_status":"closed","ping_status":"closed","template":"template-objektid.php","meta":{"_acf_changed":false,"rank_math_lock_modified_date":false,"footnotes":""},"class_list":["post-11","page","type-page","status-publish","has-post-thumbnail","hentry"],"acf":[],"_links":{"self":[{"href":"https:\/\/vaatavanalinna.ee\/fi\/wp-json\/wp\/v2\/pages\/11"}],"collection":[{"href":"https:\/\/vaatavanalinna.ee\/fi\/wp-json\/wp\/v2\/pages"}],"about":[{"href":"https:\/\/vaatavanalinna.ee\/fi\/wp-json\/wp\/v2\/types\/page"}],"author":[{"embeddable":true,"href":"https:\/\/vaatavanalinna.ee\/fi\/wp-json\/wp\/v2\/users\/1"}],"replies":[{"embeddable":true,"href":"https:\/\/vaatavanalinna.ee\/fi\/wp-json\/wp\/v2\/comments?post=11"}],"version-history":[{"count":3,"href":"https:\/\/vaatavanalinna.ee\/fi\/wp-json\/wp\/v2\/pages\/11\/revisions"}],"predecessor-version":[{"id":1076,"href":"https:\/\/vaatavanalinna.ee\/fi\/wp-json\/wp\/v2\/pages\/11\/revisions\/1076"}],"wp:featuredmedia":[{"embeddable":true,"href":"https:\/\/vaatavanalinna.ee\/fi\/wp-json\/wp\/v2\/media\/478"}],"wp:attachment":[{"href":"https:\/\/vaatavanalinna.ee\/fi\/wp-json\/wp\/v2\/media?parent=11"}],"curies":[{"name":"wp","href":"https:\/\/api.w.org\/{rel}","templated":true}]}}