{"id":13,"date":"2019-09-10T10:47:58","date_gmt":"2019-09-10T10:47:58","guid":{"rendered":"http:\/\/valgussosistab.barn.ee\/?page_id=13"},"modified":"2021-07-05T20:05:59","modified_gmt":"2021-07-05T17:05:59","slug":"heidame-valgust-tallinna-vanalinnale","status":"publish","type":"page","link":"https:\/\/vaatavanalinna.ee\/fi\/heidame-valgust-tallinna-vanalinnale\/","title":{"rendered":"Heidame Valgust Tallinna Vanalinnale"},"content":{"rendered":"\n<h2 class=\"wp-block-heading\"><strong>Tallinnan Vanhaakaupunkia ymp\u00e4r\u00f6iv\u00e4 muuri ja tornit saivat vuonna 2019 modernin valaistusratkaisun, joka her\u00e4tt\u00e4\u00e4 ne iltah\u00e4m\u00e4r\u00e4ss\u00e4 kuin uuteen eloon. Rakennukset alkavat tuolloin kuiskia tarinoita j\u00e4nnitt\u00e4v\u00e4st\u00e4 historiastaan, samalla kun valot ja varjot tuovat esiin niiden kiehtovat yksityiskohdat ja korostavat niiden arvokkaita muotoja.&nbsp;<\/strong> <\/h2>\n\n\n\n<p>Valaistusprojektin on rahoittanut kiinteist\u00f6sijoitusyhti\u00f6 Kapitel, ja se on yksi viime aikojen suurimmista Tallinnan julkistilojen yksityisist\u00e4 p\u00e4\u00e4omasijoituksista. Ratkaisun toteutuksesta on vastannut rakennusyhti\u00f6 Merko.<\/p>\n\n\n\n<p>Projektin my\u00f6t\u00e4 l\u00e4hes 40 kohdetta sai uuden valaistuksen liki 600 asennetun uuden LED-valaisimen ja valonheitt\u00e4j\u00e4n ansiosta. LED-valaisimien k\u00e4ytt\u00f6 tuo aiempaan verrattuna liki 20-kertaisen energians\u00e4\u00e4st\u00f6n, ja l\u00e4mpim\u00e4n s\u00e4vyinen valo luo tornien seiniin ja ikkuna-aukkoihin heijastettuna kodikkaan ja miellytt\u00e4v\u00e4n ymp\u00e4rist\u00f6n.<\/p>\n\n\n\n<p>Valaistussuunnittelusta on vastannut suomalainen Lighting Design Collective Oy, joka voitti Tallinnan kaupungin j\u00e4rjest\u00e4m\u00e4n ideakilpailun vuonna 2017, ja voittoty\u00f6n konsepti on kuin kunnianosoitus Vanhankaupungin muureista n\u00e4ht\u00e4viss\u00e4 olevalle historian pirstaleisuudelle ja arville. Valaistusarkkitehdit ovat s\u00e4\u00e4t\u00e4neet valojen heijastus- ja osumakulmat sek\u00e4 voimakkuuden korostamaan Vanhankaupungin alkuper\u00e4ist\u00e4 olemusta.&nbsp;<\/p>\n\n\n\n<p>Uusi valaistus tuo esiin monien Vanhankaupungin kohteiden kiehtovan historian, alkuper\u00e4isen ulkoasun ja menneisyyden muokkaamat yksityiskohdat. Painoarvoa onkin annettu juuri yksityiskohdille, jotka tekev\u00e4t rakennuksista omaper\u00e4isi\u00e4. Huolellisesti kohteen mukaan valitun valovoiman avulla on kaupunkitilaan pyritty luomaan viihtyis\u00e4 ilmapiiri.<\/p>\n","protected":false},"excerpt":{"rendered":"<p>\u201dP\u00e4ivisin h\u00e4iritsee pikkuasioiden runsaus.<br \/>\nY\u00f6t ovat t\u00e4htihetki\u00e4 sanan varsinaisessa,<br \/>\nmutta my\u00f6s ep\u00e4suorassa merkityksiss\u00e4.\u201d<br \/>\n\u2013 MATI UNT \u201dSyystanssi\u201d (suom. Eva Lille, 1980)<\/p>\n","protected":false},"author":1,"featured_media":479,"parent":0,"menu_order":0,"comment_status":"closed","ping_status":"closed","template":"template-projektist.php","meta":{"_acf_changed":false,"rank_math_lock_modified_date":false,"footnotes":""},"class_list":["post-13","page","type-page","status-publish","has-post-thumbnail","hentry"],"acf":[],"_links":{"self":[{"href":"https:\/\/vaatavanalinna.ee\/fi\/wp-json\/wp\/v2\/pages\/13"}],"collection":[{"href":"https:\/\/vaatavanalinna.ee\/fi\/wp-json\/wp\/v2\/pages"}],"about":[{"href":"https:\/\/vaatavanalinna.ee\/fi\/wp-json\/wp\/v2\/types\/page"}],"author":[{"embeddable":true,"href":"https:\/\/vaatavanalinna.ee\/fi\/wp-json\/wp\/v2\/users\/1"}],"replies":[{"embeddable":true,"href":"https:\/\/vaatavanalinna.ee\/fi\/wp-json\/wp\/v2\/comments?post=13"}],"version-history":[{"count":3,"href":"https:\/\/vaatavanalinna.ee\/fi\/wp-json\/wp\/v2\/pages\/13\/revisions"}],"predecessor-version":[{"id":1082,"href":"https:\/\/vaatavanalinna.ee\/fi\/wp-json\/wp\/v2\/pages\/13\/revisions\/1082"}],"wp:featuredmedia":[{"embeddable":true,"href":"https:\/\/vaatavanalinna.ee\/fi\/wp-json\/wp\/v2\/media\/479"}],"wp:attachment":[{"href":"https:\/\/vaatavanalinna.ee\/fi\/wp-json\/wp\/v2\/media?parent=13"}],"curies":[{"name":"wp","href":"https:\/\/api.w.org\/{rel}","templated":true}]}}