{"id":187,"date":"2019-09-15T21:24:09","date_gmt":"2019-09-15T18:24:09","guid":{"rendered":"http:\/\/valgussosistab.barn.ee\/?page_id=187"},"modified":"2021-04-09T11:15:56","modified_gmt":"2021-04-09T08:15:56","slug":"esipuhe","status":"publish","type":"page","link":"https:\/\/vaatavanalinna.ee\/fi\/esipuhe\/","title":{"rendered":"Esipuhe"},"content":{"rendered":"\n<h3 class=\"wp-block-heading\">Kun olemme poissa kotoa, voimme ilman sen kummempaa vastuuta tarkkailla ja arvioida sit\u00e4, mit\u00e4 muilla on. Kotona ja kotikaupungissa me kannamme kuitenkin vastuuta ymp\u00e4rist\u00f6st\u00e4mme \u2013 sek\u00e4 itse luomastamme ett\u00e4 siit\u00e4, jonka edelt\u00e4j\u00e4mme ovat meille j\u00e4tt\u00e4neet yll\u00e4pidett\u00e4v\u00e4ksi, s\u00e4ilytett\u00e4v\u00e4ksi ja kehitett\u00e4v\u00e4ksi. <\/h3>\n\n\n\n<p>Arvokkain osa Tallinnaa on sen Vanhakaupunki. Se on luultavimmin ainoa alue, johon aivan kaikki vieraamme sattuvat ja jossa tallinnalaiset itsekin toistuvasti k\u00e4yv\u00e4t \u2013 kuka useammin, kuka harvemmin. Vanhankaupungin t\u00e4rkeydest\u00e4 voi ehk\u00e4 saada parhaiten k\u00e4sityksen, jos yritt\u00e4isi kuvitella Tallinnaa ilman sen olemassaoloa. Se olisi aika karmea tunne.<\/p>\n\n\n\n<p>Ihmiselle on luonteenomaista halu n\u00e4ytt\u00e4\u00e4 vierailleen parasta. Leveysasteillamme se on joskus vaikeaa, koska t\u00e4\u00e4ll\u00e4 on liian pime\u00e4\u00e4, kylm\u00e4\u00e4 ja m\u00e4rk\u00e4\u00e4, ja samasta syyst\u00e4 itsekin piiloudumme suojaavien muurien sis\u00e4\u00e4n. Kylm\u00e4\u00e4 ja m\u00e4rk\u00e4\u00e4 kest\u00e4mme s\u00e4\u00e4n mukaisesti pukeutumalla, mutta pimeys on monimutkaisempi teema. Kotona voimme helposti s\u00e4\u00e4t\u00e4\u00e4 h\u00e4m\u00e4r\u00e4n ja valon suhdetta. Kaupunkitilassa saman toteuttaminen on kalliimpaa, vaatii aikaa ja yhteisi\u00e4 toimia.<\/p>\n\n\n\n<p>Halusimme Vanhankaupungin muurien ja tornien valaistusprojektin avulla auttaa Tallinnaa ja tuoda sen parhaita osia esille. Toivon, ett\u00e4 teimme k\u00e4velyretkist\u00e4si Vanhassakaupungissa entist\u00e4 ikimuistoisempia. Uusi valaistus luo ilman sen suurempaa h\u00e4ly\u00e4 tunnelman, joka toivottavasti pysyy jonkin aikaa vieraitten mieliss\u00e4 viel\u00e4 kaupungista poistuttuakin. Oikein mitoitettu valaistus ja korviimme kuiskittavat tarinat auttavat meit\u00e4 huomaamaan Vanhankaupungin arvokkuuden. V\u00e4hemm\u00e4n on usein enemm\u00e4n.<\/p>\n\n\n\n<p>Jos meill\u00e4 on ihmisin\u00e4 mahdollisuus muuttaa jotain paremmaksi, antakaamme kiusaukselle periksi ja tehk\u00e4\u00e4mme se.<\/p>\n\n\n\n<h4 class=\"wp-block-heading\"><em>Toomas Annus <\/em><\/h4>\n\n\n\n<p>Johtokunnan puheenjohtaja,<br>AS Kapitel ja AS Merko Ehitus<\/p>\n","protected":false},"excerpt":{"rendered":"<p>Kun olemme poissa kotoa, voimme ilman sen kummempaa vastuuta tarkkailla ja arvioida sit\u00e4, mit\u00e4 muilla on. Kotona ja kotikaupungissa me kannamme kuitenkin vastuuta ymp\u00e4rist\u00f6st\u00e4mme \u2013 sek\u00e4 itse luomastamme ett\u00e4 siit\u00e4, jonka edelt\u00e4j\u00e4mme ovat meille j\u00e4tt\u00e4neet yll\u00e4pidett\u00e4v\u00e4ksi, s\u00e4ilytett\u00e4v\u00e4ksi ja kehitett\u00e4v\u00e4ksi. Arvokkain osa Tallinnaa on sen Vanhakaupunki. Se on luultavimmin ainoa alue, johon aivan kaikki vieraamme sattuvat [&hellip;]<\/p>\n","protected":false},"author":1,"featured_media":119,"parent":0,"menu_order":0,"comment_status":"closed","ping_status":"closed","template":"","meta":{"_acf_changed":false,"rank_math_lock_modified_date":false,"footnotes":""},"class_list":["post-187","page","type-page","status-publish","has-post-thumbnail","hentry"],"acf":[],"_links":{"self":[{"href":"https:\/\/vaatavanalinna.ee\/fi\/wp-json\/wp\/v2\/pages\/187"}],"collection":[{"href":"https:\/\/vaatavanalinna.ee\/fi\/wp-json\/wp\/v2\/pages"}],"about":[{"href":"https:\/\/vaatavanalinna.ee\/fi\/wp-json\/wp\/v2\/types\/page"}],"author":[{"embeddable":true,"href":"https:\/\/vaatavanalinna.ee\/fi\/wp-json\/wp\/v2\/users\/1"}],"replies":[{"embeddable":true,"href":"https:\/\/vaatavanalinna.ee\/fi\/wp-json\/wp\/v2\/comments?post=187"}],"version-history":[{"count":2,"href":"https:\/\/vaatavanalinna.ee\/fi\/wp-json\/wp\/v2\/pages\/187\/revisions"}],"predecessor-version":[{"id":1041,"href":"https:\/\/vaatavanalinna.ee\/fi\/wp-json\/wp\/v2\/pages\/187\/revisions\/1041"}],"wp:featuredmedia":[{"embeddable":true,"href":"https:\/\/vaatavanalinna.ee\/fi\/wp-json\/wp\/v2\/media\/119"}],"wp:attachment":[{"href":"https:\/\/vaatavanalinna.ee\/fi\/wp-json\/wp\/v2\/media?parent=187"}],"curies":[{"name":"wp","href":"https:\/\/api.w.org\/{rel}","templated":true}]}}