{"id":191,"date":"2019-09-15T21:58:06","date_gmt":"2019-09-15T18:58:06","guid":{"rendered":"http:\/\/valgussosistab.barn.ee\/?page_id=191"},"modified":"2021-07-05T20:06:24","modified_gmt":"2021-07-05T17:06:24","slug":"yhteistyokumppanit-meista","status":"publish","type":"page","link":"https:\/\/vaatavanalinna.ee\/fi\/yhteistyokumppanit-meista\/","title":{"rendered":"Yhteisty\u00f6kumppanit Meist\u00e4"},"content":{"rendered":"\n<h3 class=\"wp-block-heading\">\u201dAstelet h\u00e4m\u00e4r\u00e4ss\u00e4 talvi-illassa pitkin historiaa huokuvia katuja, lumi narskuu vaimeasti jalkojesi alla \u2013 tunnet olevasi kuin keskell\u00e4 satua. Katsahdat ymp\u00e4rillesi \u2013 pehme\u00e4n tunnelmallinen valo heijastuu muurin sein\u00e4m\u00e4lt\u00e4 ja sis\u00e4ll\u00e4si l\u00e4ik\u00e4ht\u00e4\u00e4 mielihyv\u00e4n tunne.\u201d<\/h3>\n\n\n\n<p>H\u00e4n, joka on kuljeskellut Tallinnan Vanhassakaupungissa, ei todenn\u00e4k\u00f6isesti unohda kokemaansa koskaan. Kaupunginosamme on ilman ep\u00e4ilyksen h\u00e4iv\u00e4\u00e4 yksi Viron suurimmista aarteista, jonka arvo vain kasvaa vanhetessaan. Kaupungin muuri ja tornit ovat suojanneet Vanhankaupungin el\u00e4m\u00e4\u00e4 viile\u00e4hk\u00f6\u00f6n, mutta ajan hampaan kulutusta hyvin kest\u00e4neeseen vankkaan pakettiin. Nyt olemme onnistuneet her\u00e4tt\u00e4m\u00e4\u00e4n siihen uutta eloa, tuomalla lis\u00e4\u00e4 valoa sen iltoihin. Nykyaikaisin ratkaisuin olemme voineet yhten\u00e4ist\u00e4\u00e4 suojelukohteina olevien mahtirakennusten ulkon\u00e4k\u00f6\u00e4, jotta my\u00f6s h\u00e4m\u00e4r\u00e4n keskell\u00e4 arkkitehtuurinen mestariteoksemme voisi hivell\u00e4 sek\u00e4 vieraittemme ett\u00e4 kaupunkilaisten itsens\u00e4 silmi\u00e4.<\/p>\n\n\n\n<p><strong><em>KALLE KLANDORF <br><\/em><\/strong><em>Tallinnan apulaiskaupunginjohtaja<\/em><\/p>\n\n\n\n<h3 class=\"wp-block-heading\">\u201dOn ollut suuri ilo osallistua kaupunginmuurin valaistusprojektiin jo sen ideointihetkist\u00e4 aina valmistumiseen asti.\u201d <\/h3>\n\n\n\n<p>Olin vuonna 2017 koostamassa Tallinnan ensimm\u00e4isen kansainv\u00e4lisen valaistushankekilpailutuksen ehtoja, ja jo siin\u00e4 vaiheessa, kun tuomariston j\u00e4senen\u00e4 kuuntelin voittajaksi osoittautuneen projektin esittely\u00e4, olin varma hankkeen upeasta onnistumisesta. Suomalaisen Lighting Design Collective -yhti\u00f6n idea ja konseptin runollisuus lumosivat minut; se osoitti, kuinka valaistuksen keinoin on mahdollista luoda ja kertoa satumaisen kauniita tarinoita. Valaistussuunnittelun konsepti \u2013 valons\u00e4teiden salaper\u00e4inen kuiskinta &#8211; kunnioitti yksinkertaisuudellaan Tallinnan Vanhankaupungin keskiaikaista milj\u00f6\u00f6t\u00e4 ja sen asukkaita. Tunne onnistumisesta on pysynyt vahvana l\u00e4pi koko prosessin \u2013 jopa niin\u00e4 kylmin\u00e4 ja pitkin\u00e4 \u00f6in\u00e4, jolloin valaistuksia testattiin. <\/p>\n\n\n\n<p><strong><em>EVA TALLO <br><\/em><\/strong>Tallinnan kaupungin teknisen<br>ymp\u00e4rist\u00f6viraston p\u00e4\u00e4asiantuntija<\/p>\n","protected":false},"excerpt":{"rendered":"<p>\u201dAstelet h\u00e4m\u00e4r\u00e4ss\u00e4 talvi-illassa pitkin historiaa huokuvia katuja, lumi narskuu vaimeasti jalkojesi alla \u2013 tunnet olevasi kuin keskell\u00e4 satua. Katsahdat ymp\u00e4rillesi \u2013 pehme\u00e4n tunnelmallinen valo heijastuu muurin sein\u00e4m\u00e4lt\u00e4 ja sis\u00e4ll\u00e4si l\u00e4ik\u00e4ht\u00e4\u00e4 mielihyv\u00e4n tunne.\u201d H\u00e4n, joka on kuljeskellut Tallinnan Vanhassakaupungissa, ei todenn\u00e4k\u00f6isesti unohda kokemaansa koskaan. Kaupunginosamme on ilman ep\u00e4ilyksen h\u00e4iv\u00e4\u00e4 yksi Viron suurimmista aarteista, jonka arvo vain [&hellip;]<\/p>\n","protected":false},"author":1,"featured_media":120,"parent":0,"menu_order":0,"comment_status":"closed","ping_status":"closed","template":"","meta":{"_acf_changed":false,"rank_math_lock_modified_date":false,"footnotes":""},"class_list":["post-191","page","type-page","status-publish","has-post-thumbnail","hentry"],"acf":[],"_links":{"self":[{"href":"https:\/\/vaatavanalinna.ee\/fi\/wp-json\/wp\/v2\/pages\/191"}],"collection":[{"href":"https:\/\/vaatavanalinna.ee\/fi\/wp-json\/wp\/v2\/pages"}],"about":[{"href":"https:\/\/vaatavanalinna.ee\/fi\/wp-json\/wp\/v2\/types\/page"}],"author":[{"embeddable":true,"href":"https:\/\/vaatavanalinna.ee\/fi\/wp-json\/wp\/v2\/users\/1"}],"replies":[{"embeddable":true,"href":"https:\/\/vaatavanalinna.ee\/fi\/wp-json\/wp\/v2\/comments?post=191"}],"version-history":[{"count":2,"href":"https:\/\/vaatavanalinna.ee\/fi\/wp-json\/wp\/v2\/pages\/191\/revisions"}],"predecessor-version":[{"id":1045,"href":"https:\/\/vaatavanalinna.ee\/fi\/wp-json\/wp\/v2\/pages\/191\/revisions\/1045"}],"wp:featuredmedia":[{"embeddable":true,"href":"https:\/\/vaatavanalinna.ee\/fi\/wp-json\/wp\/v2\/media\/120"}],"wp:attachment":[{"href":"https:\/\/vaatavanalinna.ee\/fi\/wp-json\/wp\/v2\/media?parent=191"}],"curies":[{"name":"wp","href":"https:\/\/api.w.org\/{rel}","templated":true}]}}