{"id":425,"date":"2021-01-12T12:29:00","date_gmt":"2021-01-12T09:29:00","guid":{"rendered":"https:\/\/valgussosistab.barn.ee\/?page_id=425"},"modified":"2021-07-05T20:06:48","modified_gmt":"2021-07-05T17:06:48","slug":"mita-tehda-tallinnassa","status":"publish","type":"page","link":"https:\/\/vaatavanalinna.ee\/fi\/mita-tehda-tallinnassa\/","title":{"rendered":"Mit\u00e4 tehd\u00e4 Tallinnassa?"},"content":{"rendered":"\n<h2 class=\"wp-block-heading\" id=\"block-1205255d-b83c-42bf-80d0-5639ab8aaac3\">Tallinnan Vanhankaupungin muuri ja tornit ovat saaneet uuden valaistuksen, joka her\u00e4tt\u00e4\u00e4 ne iltah\u00e4m\u00e4r\u00e4ss\u00e4 kuin uuteen eloon.<\/h2>\n\n\n\n<div class=\"wp-block-columns is-layout-flex wp-container-core-columns-is-layout-1 wp-block-columns-is-layout-flex\">\n<div class=\"wp-block-column is-layout-flow wp-block-column-is-layout-flow\">\n<h3 class=\"wp-block-heading\"><strong>Miten voin tutustua Vanhaan kaupunkiin uudessa valaistuksessa ja kuulla sen tarinoita?<\/strong><\/h3>\n\n\n\n<ul class=\"wp-block-list\"><li>Valitse ensin sinua kiinnostava teema. Reitti kulkee teemaan liittyvien kohteiden ohi, joista jokaisella on oma tarinansa.<\/li><li>Kohteiden tarinat ovat luettavissa sivuilta ja kuunneltavissa \u00e4\u00e4nioppaan kertomina.<\/li><li>Saapuessasi reitin varrella kohteen luo, klikkaa kartalla n\u00e4kyv\u00e4\u00e4 kohteen nime\u00e4 ja kuuntele tarinaa.<\/li><\/ul>\n<\/div>\n\n\n\n<div class=\"wp-block-column is-layout-flow wp-block-column-is-layout-flow\">\n<h3 class=\"wp-block-heading\"><strong><strong>Miten karttasovellusta k\u00e4ytet\u00e4\u00e4n<\/strong>?&nbsp;<\/strong>&nbsp;<\/h3>\n\n\n\n<ul class=\"wp-block-list\"><li>Jotta voisit n\u00e4hd\u00e4 t\u00e4m\u00e4nhetkisen sijaintisi kartalla, anna sivustolle lupa puhelimesi paikannustietojen k\u00e4ytt\u00f6\u00f6n. Sen voit tehd\u00e4 karttan\u00e4kym\u00e4n vasemmassa yl\u00e4kulmassa olevaa paikanosoitussymbolia klikkaamalla.<\/li><li>Liikkuessasi opasreitti\u00e4 pitkin, karttasovellus n\u00e4ytt\u00e4\u00e4 sinulle liikkeesi, mutta ei anna kulkusuunta- tai k\u00e4\u00e4ntymisohjeita.<\/li><li>Paikannustietoa k\u00e4ytet\u00e4\u00e4n vain sijaintisi kuvaamiseen kartalla, ja tieto n\u00e4ytet\u00e4\u00e4n vain sinulle.<\/li><li>Mit\u00e4\u00e4n k\u00e4ytt\u00e4j\u00e4n henkil\u00f6tietoja ei tallenneta mihink\u00e4\u00e4n palvelimille.<\/li><li>Vaatavanalinna.ee-sivuston yksityisyysasetukset ovat sopusoinnussa Eurooppalaisen GDPR-tietosuojak\u00e4yt\u00e4nn\u00f6n kanssa.<\/li><\/ul>\n<\/div>\n<\/div>\n","protected":false},"excerpt":{"rendered":"<p>Tallinnan Vanhankaupungin muuri ja tornit ovat saaneet uuden valaistuksen, joka her\u00e4tt\u00e4\u00e4 ne iltah\u00e4m\u00e4r\u00e4ss\u00e4 kuin uuteen eloon. Miten voin tutustua Vanhaan kaupunkiin uudessa valaistuksessa ja kuulla sen tarinoita? Valitse ensin sinua kiinnostava teema. Reitti kulkee teemaan liittyvien kohteiden ohi, joista jokaisella on oma tarinansa. Kohteiden tarinat ovat luettavissa sivuilta ja kuunneltavissa \u00e4\u00e4nioppaan kertomina. Saapuessasi reitin varrella [&hellip;]<\/p>\n","protected":false},"author":1,"featured_media":689,"parent":0,"menu_order":0,"comment_status":"closed","ping_status":"closed","template":"template-valgusrajad.php","meta":{"_acf_changed":false,"rank_math_lock_modified_date":false,"footnotes":""},"class_list":["post-425","page","type-page","status-publish","has-post-thumbnail","hentry"],"acf":[],"_links":{"self":[{"href":"https:\/\/vaatavanalinna.ee\/fi\/wp-json\/wp\/v2\/pages\/425"}],"collection":[{"href":"https:\/\/vaatavanalinna.ee\/fi\/wp-json\/wp\/v2\/pages"}],"about":[{"href":"https:\/\/vaatavanalinna.ee\/fi\/wp-json\/wp\/v2\/types\/page"}],"author":[{"embeddable":true,"href":"https:\/\/vaatavanalinna.ee\/fi\/wp-json\/wp\/v2\/users\/1"}],"replies":[{"embeddable":true,"href":"https:\/\/vaatavanalinna.ee\/fi\/wp-json\/wp\/v2\/comments?post=425"}],"version-history":[{"count":9,"href":"https:\/\/vaatavanalinna.ee\/fi\/wp-json\/wp\/v2\/pages\/425\/revisions"}],"predecessor-version":[{"id":1075,"href":"https:\/\/vaatavanalinna.ee\/fi\/wp-json\/wp\/v2\/pages\/425\/revisions\/1075"}],"wp:featuredmedia":[{"embeddable":true,"href":"https:\/\/vaatavanalinna.ee\/fi\/wp-json\/wp\/v2\/media\/689"}],"wp:attachment":[{"href":"https:\/\/vaatavanalinna.ee\/fi\/wp-json\/wp\/v2\/media?parent=425"}],"curies":[{"name":"wp","href":"https:\/\/api.w.org\/{rel}","templated":true}]}}