{"id":432,"date":"2021-01-12T12:45:34","date_gmt":"2021-01-12T09:45:34","guid":{"rendered":"https:\/\/valgussosistab.barn.ee\/?page_id=432"},"modified":"2021-06-30T11:31:52","modified_gmt":"2021-06-30T08:31:52","slug":"kummituksia-ja-legendoja","status":"publish","type":"page","link":"https:\/\/vaatavanalinna.ee\/fi\/mita-tehda-tallinnassa\/kummituksia-ja-legendoja\/","title":{"rendered":"Kummituksia ja legendoja"},"content":{"rendered":"\n<h2 class=\"wp-block-heading\">Tarinoita ensimm\u00e4isest\u00e4 kummitustornista ja oudoista n\u00e4yist\u00e4, kaupungin ensimm\u00e4isest\u00e4 taiteilijatornista sek\u00e4 Tallinnan puolustuksesta, pommittamisesta ja tykkien valamisesta.<\/h2>\n\n\n\n<p><\/p>\n","protected":false},"excerpt":{"rendered":"<p>Tarinoita ensimm\u00e4isest\u00e4 kummitustornista ja oudoista n\u00e4yist\u00e4, kaupungin ensimm\u00e4isest\u00e4 taiteilijatornista sek\u00e4 Tallinnan puolustuksesta, pommittamisesta ja tykkien valamisesta.<\/p>\n","protected":false},"author":1,"featured_media":489,"parent":425,"menu_order":0,"comment_status":"closed","ping_status":"closed","template":"template-map.php","meta":{"_acf_changed":false,"rank_math_lock_modified_date":false,"footnotes":""},"class_list":["post-432","page","type-page","status-publish","has-post-thumbnail","hentry"],"acf":[],"_links":{"self":[{"href":"https:\/\/vaatavanalinna.ee\/fi\/wp-json\/wp\/v2\/pages\/432"}],"collection":[{"href":"https:\/\/vaatavanalinna.ee\/fi\/wp-json\/wp\/v2\/pages"}],"about":[{"href":"https:\/\/vaatavanalinna.ee\/fi\/wp-json\/wp\/v2\/types\/page"}],"author":[{"embeddable":true,"href":"https:\/\/vaatavanalinna.ee\/fi\/wp-json\/wp\/v2\/users\/1"}],"replies":[{"embeddable":true,"href":"https:\/\/vaatavanalinna.ee\/fi\/wp-json\/wp\/v2\/comments?post=432"}],"version-history":[{"count":7,"href":"https:\/\/vaatavanalinna.ee\/fi\/wp-json\/wp\/v2\/pages\/432\/revisions"}],"predecessor-version":[{"id":891,"href":"https:\/\/vaatavanalinna.ee\/fi\/wp-json\/wp\/v2\/pages\/432\/revisions\/891"}],"up":[{"embeddable":true,"href":"https:\/\/vaatavanalinna.ee\/fi\/wp-json\/wp\/v2\/pages\/425"}],"wp:featuredmedia":[{"embeddable":true,"href":"https:\/\/vaatavanalinna.ee\/fi\/wp-json\/wp\/v2\/media\/489"}],"wp:attachment":[{"href":"https:\/\/vaatavanalinna.ee\/fi\/wp-json\/wp\/v2\/media?parent=432"}],"curies":[{"name":"wp","href":"https:\/\/api.w.org\/{rel}","templated":true}]}}