{"id":437,"date":"2021-01-12T12:47:55","date_gmt":"2021-01-12T09:47:55","guid":{"rendered":"https:\/\/valgussosistab.barn.ee\/?page_id=437"},"modified":"2021-06-30T11:32:34","modified_gmt":"2021-06-30T08:32:34","slug":"nunnien-jaljilla-rantaportin-luo","status":"publish","type":"page","link":"https:\/\/vaatavanalinna.ee\/fi\/mita-tehda-tallinnassa\/nunnien-jaljilla-rantaportin-luo\/","title":{"rendered":"Nunnien j\u00e4ljill\u00e4 rantaportin luo"},"content":{"rendered":"\n<p>Kertomuksia jalosukuisista nunnista ja luostarista. Reitin l\u00e4ht\u00f6paikkana olevaa pihaa on muinoin kutsuttu Nunnienpihaksi ja Luostarinpihaksi, mutta my\u00f6s Kymnaasin ja Kodulinnan eli Kotikaupungin pihaksi. T\u00e4\u00e4ll\u00e4 aloitti Ruotsin-vallan aikaan toimintansa kaupungin ensimm\u00e4inen kirjapaino, jossa painettiin mm. ensimm\u00e4inen vironkielinen kielioppiopas ja Raamattu.&nbsp;<\/p>\n\n\n\n<p>Perim\u00e4tiedon mukaan t\u00e4ss\u00e4 l\u00e4hell\u00e4, Gustav Adolfi G\u00fcmnaasiumin koulurakennuksen viereisen ortodoksikirkon (<em>Issanda muutmise peakirik<\/em>) kohdalla sijaitsi alakaupungin ensimm\u00e4inen kirkko, Pyh\u00e4n Ventzelin kappeli. T\u00e4\u00e4ll\u00e4 olleesta sistersil\u00e4isluostarista huhuttiin kaupungilla vaikka mit\u00e4, alkaen oudosta murhasta ja ulottuen mit\u00e4 ep\u00e4ilytt\u00e4vimpiin \u00f6isiin pitoihin. Uskonpuhdistuksen aikaan vuonna 1525 luostarista karkasi er\u00e4s aatelissukuinen nunna ja meni naimisiin tavallisen kadunmiehen kanssa. T\u00e4t\u00e4 rouva von Nywenstadtia kutsutaankin leikillisesti Tallinnan naisasialiikkeen perustajaksi. Kaupunki ei suostunut luovuttamaan rouvaa takaisin luostariin piispan rangaistavaksi.<\/p>\n\n\n\n<p>Nyky\u00e4\u00e4n t\u00e4\u00e4ll\u00e4 ei ole nunnista j\u00e4ljell\u00e4 muuta kuin tarinat. Mutta korkeita ja miehekk\u00e4it\u00e4 torneja n\u00e4ill\u00e4 nurkilla kohoaa vierekk\u00e4in enemm\u00e4n kuin muualla kaupungissa. Tosin k\u00e4velyreitin lopussa Suuren Rantaportin luona seisoo koko kaupungin jyhkein torni Paksu Margareeta, jota pidet\u00e4\u00e4n jostain syyst\u00e4 naispuolisena ilmestyksen\u00e4.<\/p>\n","protected":false},"excerpt":{"rendered":"<p>Kertomuksia jalosukuisista nunnista ja luostarista. Reitin l\u00e4ht\u00f6paikkana olevaa pihaa on muinoin kutsuttu Nunnienpihaksi ja Luostarinpihaksi, mutta my\u00f6s Kymnaasin ja Kodulinnan eli Kotikaupungin pihaksi. T\u00e4\u00e4ll\u00e4 aloitti Ruotsin-vallan aikaan toimintansa kaupungin ensimm\u00e4inen kirjapaino, jossa painettiin mm. ensimm\u00e4inen vironkielinen kielioppiopas ja Raamattu.&nbsp; Perim\u00e4tiedon mukaan t\u00e4ss\u00e4 l\u00e4hell\u00e4, Gustav Adolfi G\u00fcmnaasiumin koulurakennuksen viereisen ortodoksikirkon (Issanda muutmise peakirik) kohdalla sijaitsi alakaupungin [&hellip;]<\/p>\n","protected":false},"author":1,"featured_media":490,"parent":425,"menu_order":0,"comment_status":"closed","ping_status":"closed","template":"template-map.php","meta":{"_acf_changed":false,"rank_math_lock_modified_date":false,"footnotes":""},"class_list":["post-437","page","type-page","status-publish","has-post-thumbnail","hentry"],"acf":[],"_links":{"self":[{"href":"https:\/\/vaatavanalinna.ee\/fi\/wp-json\/wp\/v2\/pages\/437"}],"collection":[{"href":"https:\/\/vaatavanalinna.ee\/fi\/wp-json\/wp\/v2\/pages"}],"about":[{"href":"https:\/\/vaatavanalinna.ee\/fi\/wp-json\/wp\/v2\/types\/page"}],"author":[{"embeddable":true,"href":"https:\/\/vaatavanalinna.ee\/fi\/wp-json\/wp\/v2\/users\/1"}],"replies":[{"embeddable":true,"href":"https:\/\/vaatavanalinna.ee\/fi\/wp-json\/wp\/v2\/comments?post=437"}],"version-history":[{"count":11,"href":"https:\/\/vaatavanalinna.ee\/fi\/wp-json\/wp\/v2\/pages\/437\/revisions"}],"predecessor-version":[{"id":1054,"href":"https:\/\/vaatavanalinna.ee\/fi\/wp-json\/wp\/v2\/pages\/437\/revisions\/1054"}],"up":[{"embeddable":true,"href":"https:\/\/vaatavanalinna.ee\/fi\/wp-json\/wp\/v2\/pages\/425"}],"wp:featuredmedia":[{"embeddable":true,"href":"https:\/\/vaatavanalinna.ee\/fi\/wp-json\/wp\/v2\/media\/490"}],"wp:attachment":[{"href":"https:\/\/vaatavanalinna.ee\/fi\/wp-json\/wp\/v2\/media?parent=437"}],"curies":[{"name":"wp","href":"https:\/\/api.w.org\/{rel}","templated":true}]}}