{"id":440,"date":"2021-01-12T12:48:52","date_gmt":"2021-01-12T09:48:52","guid":{"rendered":"https:\/\/valgussosistab.barn.ee\/?page_id=440"},"modified":"2021-06-30T11:33:06","modified_gmt":"2021-06-30T08:33:06","slug":"hengenpaimenia-ja-karjanajajia","status":"publish","type":"page","link":"https:\/\/vaatavanalinna.ee\/fi\/mita-tehda-tallinnassa\/hengenpaimenia-ja-karjanajajia\/","title":{"rendered":"Hengenpaimenia ja karjanajajia"},"content":{"rendered":"\n<p>Vuosisatojen kuluessa n\u00e4ill\u00e4 mailla on liikkunut monia erilaisia pyhi\u00e4 miehi\u00e4 \u2013 tarkoitan nyt oikeita el\u00e4vi\u00e4 munkkeja enk\u00e4 mit\u00e4\u00e4n kummituksia. Eniten t\u00e4\u00e4ll\u00e4 on ollut aina dominikaaneja eli saarnaajavelji\u00e4 tai \u201dmustia velji\u00e4\u201d, joiksi heit\u00e4 my\u00f6s tumman viittansa ja p\u00e4\u00e4hineens\u00e4 vuoksi kutsuttiin. Mutta paljon on ollut muitakin hengenmiehi\u00e4 ja sielunpaimenia. Toki aina on ollut my\u00f6s oikeita paimenia ajamassa kaupungin karjaa laitumelle torviinsa toitotellen. My\u00f6s ajurit kolistelivat vankkureilla tuoden kauppiaille uutta tavaraa. T\u00e4\u00e4ll\u00e4 Brookusplatsin l\u00e4hell\u00e4 on ollut my\u00f6s Russkij Konets eli ven\u00e4l\u00e4isten kauppiaiden tori ja kirkko. Saattoipa t\u00e4\u00e4ll\u00e4 n\u00e4hd\u00e4 jonkun ilotyt\u00f6nkin. Ja kerran saatiin er\u00e4s Katariinan luostarin nuori munkki is\u00e4ns\u00e4 kanssa rys\u00e4n p\u00e4\u00e4lt\u00e4 kiinni M\u00fc\u00fcrivahe-kadun \u201dPunaisesta luostarista\u201d eli ilotalosta!<\/p>\n","protected":false},"excerpt":{"rendered":"<p>Vuosisatojen kuluessa n\u00e4ill\u00e4 mailla on liikkunut monia erilaisia pyhi\u00e4 miehi\u00e4 \u2013 tarkoitan nyt oikeita el\u00e4vi\u00e4 munkkeja enk\u00e4 mit\u00e4\u00e4n kummituksia. Eniten t\u00e4\u00e4ll\u00e4 on ollut aina dominikaaneja eli saarnaajavelji\u00e4 tai \u201dmustia velji\u00e4\u201d, joiksi heit\u00e4 my\u00f6s tumman viittansa ja p\u00e4\u00e4hineens\u00e4 vuoksi kutsuttiin. Mutta paljon on ollut muitakin hengenmiehi\u00e4 ja sielunpaimenia. Toki aina on ollut my\u00f6s oikeita paimenia ajamassa [&hellip;]<\/p>\n","protected":false},"author":1,"featured_media":478,"parent":425,"menu_order":0,"comment_status":"closed","ping_status":"closed","template":"template-map.php","meta":{"_acf_changed":false,"rank_math_lock_modified_date":false,"footnotes":""},"class_list":["post-440","page","type-page","status-publish","has-post-thumbnail","hentry"],"acf":[],"_links":{"self":[{"href":"https:\/\/vaatavanalinna.ee\/fi\/wp-json\/wp\/v2\/pages\/440"}],"collection":[{"href":"https:\/\/vaatavanalinna.ee\/fi\/wp-json\/wp\/v2\/pages"}],"about":[{"href":"https:\/\/vaatavanalinna.ee\/fi\/wp-json\/wp\/v2\/types\/page"}],"author":[{"embeddable":true,"href":"https:\/\/vaatavanalinna.ee\/fi\/wp-json\/wp\/v2\/users\/1"}],"replies":[{"embeddable":true,"href":"https:\/\/vaatavanalinna.ee\/fi\/wp-json\/wp\/v2\/comments?post=440"}],"version-history":[{"count":11,"href":"https:\/\/vaatavanalinna.ee\/fi\/wp-json\/wp\/v2\/pages\/440\/revisions"}],"predecessor-version":[{"id":1067,"href":"https:\/\/vaatavanalinna.ee\/fi\/wp-json\/wp\/v2\/pages\/440\/revisions\/1067"}],"up":[{"embeddable":true,"href":"https:\/\/vaatavanalinna.ee\/fi\/wp-json\/wp\/v2\/pages\/425"}],"wp:featuredmedia":[{"embeddable":true,"href":"https:\/\/vaatavanalinna.ee\/fi\/wp-json\/wp\/v2\/media\/478"}],"wp:attachment":[{"href":"https:\/\/vaatavanalinna.ee\/fi\/wp-json\/wp\/v2\/media?parent=440"}],"curies":[{"name":"wp","href":"https:\/\/api.w.org\/{rel}","templated":true}]}}