{"id":501,"date":"2021-01-15T11:08:56","date_gmt":"2021-01-15T08:08:56","guid":{"rendered":"https:\/\/valgussosistab.barn.ee\/?page_id=501"},"modified":"2021-06-30T11:34:34","modified_gmt":"2021-06-30T08:34:34","slug":"kaupunginmuurin-kuiskauksia","status":"publish","type":"page","link":"https:\/\/vaatavanalinna.ee\/fi\/mita-tehda-tallinnassa\/kaupunginmuurin-kuiskauksia\/","title":{"rendered":"Kaupunginmuurin kuiskauksia"},"content":{"rendered":"\n<h2 class=\"wp-block-heading\">Kuuluisa Revalin kaupunginmuuri ja sen viel\u00e4 kuuluisammat tornit\u2026 Ensimm\u00e4isen\u00e4 rakennettiin ilmeisesti porttitornit, ja niiden j\u00e4lkeen alkoi nousta muuritorneja kuin sieni\u00e4 sateella. Alkuun tornit olivat pieni\u00e4, melkein puolta pienempi\u00e4 kuin nyky\u00e4\u00e4n, ja vaatimattomampi oli my\u00f6s muuri itse. Kun 1400-luvun alkupuoliskolla tuliaseiden ja tykist\u00f6n merkitys taistelujen ratkaisijana lis\u00e4\u00e4ntyi, korotettiin sek\u00e4 torneja ett\u00e4 muuria. Samalla suurin osa Revalin torneista rakennettiin puolikaaren eli hevosenkeng\u00e4n muotoisiksi.&nbsp;<\/h2>\n\n\n\n<p>Muurinvierusta ja tornien ymp\u00e4rist\u00f6 oli keskiajalla tavalliselta kansalta kielletty\u00e4 aluetta. T\u00e4nne ei saanut tulla turhan p\u00e4iten kuljeskelemaan. Mit\u00e4 nyt ilotyt\u00f6t v\u00e4lill\u00e4 t\u00e4\u00e4ll\u00e4 kierteliv\u00e4t, heit\u00e4 nimitt\u00e4in n\u00e4htiin. My\u00f6s nunnaluostarin sauna piti purkaa, koska ratsusotilaat eiv\u00e4t mahtuneet muurin ja saunan v\u00e4list\u00e4 kunnolla kulkemaan. Tietyll\u00e4 tapaa salamyhk\u00e4inen tunnelma vallitsee kaupunginmuurin luona t\u00e4n\u00e4kin p\u00e4iv\u00e4n\u00e4. Iltapime\u00e4ll\u00e4 voi ilmassa selv\u00e4sti kuulla t\u00e4\u00e4ll\u00e4 liikkuneiden kuiskauksia!<\/p>\n","protected":false},"excerpt":{"rendered":"<p>Kuuluisa Revalin kaupunginmuuri ja sen viel\u00e4 kuuluisammat tornit\u2026 Ensimm\u00e4isen\u00e4 rakennettiin ilmeisesti porttitornit, ja niiden j\u00e4lkeen alkoi nousta muuritorneja kuin sieni\u00e4 sateella. Alkuun tornit olivat pieni\u00e4, melkein puolta pienempi\u00e4 kuin nyky\u00e4\u00e4n, ja vaatimattomampi oli my\u00f6s muuri itse. Kun 1400-luvun alkupuoliskolla tuliaseiden ja tykist\u00f6n merkitys taistelujen ratkaisijana lis\u00e4\u00e4ntyi, korotettiin sek\u00e4 torneja ett\u00e4 muuria. Samalla suurin osa Revalin [&hellip;]<\/p>\n","protected":false},"author":1,"featured_media":479,"parent":425,"menu_order":5,"comment_status":"closed","ping_status":"closed","template":"template-map.php","meta":{"_acf_changed":false,"rank_math_lock_modified_date":false,"footnotes":""},"class_list":["post-501","page","type-page","status-publish","has-post-thumbnail","hentry"],"acf":[],"_links":{"self":[{"href":"https:\/\/vaatavanalinna.ee\/fi\/wp-json\/wp\/v2\/pages\/501"}],"collection":[{"href":"https:\/\/vaatavanalinna.ee\/fi\/wp-json\/wp\/v2\/pages"}],"about":[{"href":"https:\/\/vaatavanalinna.ee\/fi\/wp-json\/wp\/v2\/types\/page"}],"author":[{"embeddable":true,"href":"https:\/\/vaatavanalinna.ee\/fi\/wp-json\/wp\/v2\/users\/1"}],"replies":[{"embeddable":true,"href":"https:\/\/vaatavanalinna.ee\/fi\/wp-json\/wp\/v2\/comments?post=501"}],"version-history":[{"count":9,"href":"https:\/\/vaatavanalinna.ee\/fi\/wp-json\/wp\/v2\/pages\/501\/revisions"}],"predecessor-version":[{"id":1057,"href":"https:\/\/vaatavanalinna.ee\/fi\/wp-json\/wp\/v2\/pages\/501\/revisions\/1057"}],"up":[{"embeddable":true,"href":"https:\/\/vaatavanalinna.ee\/fi\/wp-json\/wp\/v2\/pages\/425"}],"wp:featuredmedia":[{"embeddable":true,"href":"https:\/\/vaatavanalinna.ee\/fi\/wp-json\/wp\/v2\/media\/479"}],"wp:attachment":[{"href":"https:\/\/vaatavanalinna.ee\/fi\/wp-json\/wp\/v2\/media?parent=501"}],"curies":[{"name":"wp","href":"https:\/\/api.w.org\/{rel}","templated":true}]}}